{"id":12742,"date":"2022-08-28T22:25:01","date_gmt":"2022-08-28T20:25:01","guid":{"rendered":"https:\/\/www.alpina-mallnitz.at\/appartements\/"},"modified":"2022-08-28T22:25:03","modified_gmt":"2022-08-28T20:25:03","slug":"appartements","status":"publish","type":"page","link":"https:\/\/www.alpina-mallnitz.at\/it\/appartements\/","title":{"rendered":"Appartements"},"content":{"rendered":"\t\t<div data-elementor-type=\"wp-page\" data-elementor-id=\"12742\" class=\"elementor elementor-12742 elementor-504\">\n\t\t\t\t\t\t\t\t\t<section class=\"elementor-section elementor-top-section elementor-element elementor-element-14741b2 elementor-section-boxed elementor-section-height-default elementor-section-height-default qodef-elementor-content-no\" data-id=\"14741b2\" data-element_type=\"section\">\n\t\t\t\t\t\t<div class=\"elementor-container elementor-column-gap-default\">\n\t\t\t\t\t<div class=\"elementor-column elementor-col-100 elementor-top-column elementor-element elementor-element-e7e0e1f\" data-id=\"e7e0e1f\" data-element_type=\"column\">\n\t\t\t<div class=\"elementor-widget-wrap elementor-element-populated\">\n\t\t\t\t\t\t\t\t<div class=\"elementor-element elementor-element-fa25188 elementor-widget elementor-widget-augustine_core_room_list\" data-id=\"fa25188\" data-element_type=\"widget\" data-widget_type=\"augustine_core_room_list.default\">\n\t\t\t\t<div class=\"elementor-widget-container\">\n\t\t\t<div class=\"qodef-shortcode qodef-m  qodef-room-list qodef-layout--boxed   qodef-skin--default qodef-grid qodef-layout--columns  qodef-gutter--normal qodef-col-num--2 qodef-item-layout--boxed qodef--no-bottom-space qodef-pagination--off qodef-responsive--predefined\" data-options=\"{&quot;plugin&quot;:&quot;augustine_core&quot;,&quot;module&quot;:&quot;post-types\\\/room\\\/shortcodes&quot;,&quot;shortcode&quot;:&quot;room-list&quot;,&quot;post_type&quot;:&quot;room&quot;,&quot;next_page&quot;:&quot;2&quot;,&quot;list_skin&quot;:&quot;default&quot;,&quot;posts_per_page&quot;:&quot;-1&quot;,&quot;orderby&quot;:&quot;date&quot;,&quot;order&quot;:&quot;DESC&quot;,&quot;behavior&quot;:&quot;columns&quot;,&quot;images_proportion&quot;:&quot;full&quot;,&quot;columns&quot;:&quot;2&quot;,&quot;columns_responsive&quot;:&quot;predefined&quot;,&quot;space&quot;:&quot;normal&quot;,&quot;layout&quot;:&quot;boxed&quot;,&quot;title_tag&quot;:&quot;h4&quot;,&quot;pagination_type&quot;:&quot;no-pagination&quot;,&quot;object_class_name&quot;:&quot;AugustineCoreRoomListShortcode&quot;,&quot;unique&quot;:&quot;1&quot;,&quot;item_classes&quot;:&quot;qodef-e qodef-room-list-item qodef-grid-item&quot;,&quot;space_value&quot;:15}\">\n\t\t<div class=\"qodef-grid-inner clear\">\n\t\t<article class=\"qodef-e qodef-room-list-item qodef-grid-item qodef-item--full\">\n\t<div class=\"qodef-e-inner\">\n\t\t<div class=\"qodef-e-media\">\n\t\t\t<div class=\"qodef-e-img-holder\">\n\t\t\t\t\t<div class=\"qodef-e-media-image\" data-swiper-parallax=\"27%\">\n\t\t<a itemprop=\"url\" href=\"https:\/\/www.alpina-mallnitz.at\/it\/room\/apartement-geisel-typ-a-nr-105\/\">\n\t\t\t<img decoding=\"async\" width=\"707\" height=\"660\" src=\"https:\/\/www.alpina-mallnitz.at\/wp-content\/uploads\/2022\/05\/grundriss-alpina_0002_25.png\" class=\"attachment-full size-full\" alt=\"\" srcset=\"https:\/\/www.alpina-mallnitz.at\/wp-content\/uploads\/2022\/05\/grundriss-alpina_0002_25.png 707w, https:\/\/www.alpina-mallnitz.at\/wp-content\/uploads\/2022\/05\/grundriss-alpina_0002_25-300x280.png 300w, https:\/\/www.alpina-mallnitz.at\/wp-content\/uploads\/2022\/05\/grundriss-alpina_0002_25-600x560.png 600w\" sizes=\"(max-width: 707px) 100vw, 707px\" \/>\t\t<\/a>\n\t<\/div>\n\t\t\t\t\t\t\t\t<\/div>\n\t\t<\/div>\n\t\t<div class=\"qodef-e-content\">\n\t\t\t<div class=\"qodef-e-heading\">\n\t\t\t\t<h4 itemprop=\"name\" class=\"qodef-e-title entry-title\" >\n\t<a itemprop=\"url\" href=\"https:\/\/www.alpina-mallnitz.at\/it\/room\/apartement-geisel-typ-a-nr-105\/\">\n\t\tApartement \u201eGeisel\u201c Typ A Nr. 25\t<\/a>\n<\/h4>\t\t\t<\/div>\n\t\t\t<div class=\"qodef-e-info-items\">\n\t\t\t\t    <div class=\"qodef-e-room-size\">\n\t\tSize:         <span class=\"qodef-e-room-size-content\">\n\t\t\t32m2\t\t<\/span>\n    <\/div>\n\t\t\t\t    <div class=\"qodef-e-capacity\">\n\t\tCapacity:         <span class=\"qodef-e-capacity-content\">\n\t\t1-2 persons\t\t<\/span>\n    <\/div>\n\t\t\t<\/div>\n\t\t\t\t\t<p itemprop=\"description\" class=\"qodef-e-excerpt\">1 camera doppia con doccia\/WC, 1 soggiorno con divano e zona pranzo, cucina separata, balcone.\r\nSituato al 2\u00b0 piano senza ascensore!<\/p>\n\t\t\t\t<div class=\"qodef-e-button\">\n\t<\/div>\t\t<\/div>\n\t<\/div>\n<\/article><article class=\"qodef-e qodef-room-list-item qodef-grid-item qodef-item--full\">\n\t<div class=\"qodef-e-inner\">\n\t\t<div class=\"qodef-e-media\">\n\t\t\t<div class=\"qodef-e-img-holder\">\n\t\t\t\t\t<div class=\"qodef-e-media-image\" data-swiper-parallax=\"27%\">\n\t\t<a itemprop=\"url\" href=\"https:\/\/www.alpina-mallnitz.at\/it\/room\/apartement-boeseck-typ-b1-nr-104\/\">\n\t\t\t<img decoding=\"async\" width=\"705\" height=\"691\" src=\"https:\/\/www.alpina-mallnitz.at\/wp-content\/uploads\/2022\/05\/grundriss-alpina_0006_24.png\" class=\"attachment-full size-full\" alt=\"\" srcset=\"https:\/\/www.alpina-mallnitz.at\/wp-content\/uploads\/2022\/05\/grundriss-alpina_0006_24.png 705w, https:\/\/www.alpina-mallnitz.at\/wp-content\/uploads\/2022\/05\/grundriss-alpina_0006_24-300x294.png 300w, https:\/\/www.alpina-mallnitz.at\/wp-content\/uploads\/2022\/05\/grundriss-alpina_0006_24-600x588.png 600w\" sizes=\"(max-width: 705px) 100vw, 705px\" \/>\t\t<\/a>\n\t<\/div>\n\t\t\t\t\t\t\t\t<\/div>\n\t\t<\/div>\n\t\t<div class=\"qodef-e-content\">\n\t\t\t<div class=\"qodef-e-heading\">\n\t\t\t\t<h4 itemprop=\"name\" class=\"qodef-e-title entry-title\" >\n\t<a itemprop=\"url\" href=\"https:\/\/www.alpina-mallnitz.at\/it\/room\/apartement-boeseck-typ-b1-nr-104\/\">\n\t\tApartement \u201eB\u00f6seck&#8221; Typ B1 Nr. 24\t<\/a>\n<\/h4>\t\t\t<\/div>\n\t\t\t<div class=\"qodef-e-info-items\">\n\t\t\t\t    <div class=\"qodef-e-room-size\">\n\t\tSize:         <span class=\"qodef-e-room-size-content\">\n\t\t\t37m2\t\t<\/span>\n    <\/div>\n\t\t\t\t    <div class=\"qodef-e-capacity\">\n\t\tCapacity:         <span class=\"qodef-e-capacity-content\">\n\t\t1-4 persons\t\t<\/span>\n    <\/div>\n\t\t\t<\/div>\n\t\t\t\t\t<p itemprop=\"description\" class=\"qodef-e-excerpt\">1 camera doppia con doccia\/WC, 1 soggiorno\/camera da letto con divano letto doppio e cucina aperta, balcone.   Situato al 2\u00b0 piano senza ascensore.  <\/p>\n\t\t\t\t<div class=\"qodef-e-button\">\n\t<\/div>\t\t<\/div>\n\t<\/div>\n<\/article><article class=\"qodef-e qodef-room-list-item qodef-grid-item qodef-item--full\">\n\t<div class=\"qodef-e-inner\">\n\t\t<div class=\"qodef-e-media\">\n\t\t\t<div class=\"qodef-e-img-holder\">\n\t\t\t\t\t<div class=\"qodef-e-media-image\" data-swiper-parallax=\"27%\">\n\t\t<a itemprop=\"url\" href=\"https:\/\/www.alpina-mallnitz.at\/it\/room\/apartement-hochalm-typ-b1-nr-107\/\">\n\t\t\t<img decoding=\"async\" width=\"706\" height=\"703\" src=\"https:\/\/www.alpina-mallnitz.at\/wp-content\/uploads\/2022\/05\/grundriss-alpina_0005_27.png\" class=\"attachment-full size-full\" alt=\"\" srcset=\"https:\/\/www.alpina-mallnitz.at\/wp-content\/uploads\/2022\/05\/grundriss-alpina_0005_27.png 706w, https:\/\/www.alpina-mallnitz.at\/wp-content\/uploads\/2022\/05\/grundriss-alpina_0005_27-300x300.png 300w, https:\/\/www.alpina-mallnitz.at\/wp-content\/uploads\/2022\/05\/grundriss-alpina_0005_27-150x150.png 150w, https:\/\/www.alpina-mallnitz.at\/wp-content\/uploads\/2022\/05\/grundriss-alpina_0005_27-600x597.png 600w, https:\/\/www.alpina-mallnitz.at\/wp-content\/uploads\/2022\/05\/grundriss-alpina_0005_27-100x100.png 100w\" sizes=\"(max-width: 706px) 100vw, 706px\" \/>\t\t<\/a>\n\t<\/div>\n\t\t\t\t\t\t\t\t<\/div>\n\t\t<\/div>\n\t\t<div class=\"qodef-e-content\">\n\t\t\t<div class=\"qodef-e-heading\">\n\t\t\t\t<h4 itemprop=\"name\" class=\"qodef-e-title entry-title\" >\n\t<a itemprop=\"url\" href=\"https:\/\/www.alpina-mallnitz.at\/it\/room\/apartement-hochalm-typ-b1-nr-107\/\">\n\t\tApartement \u201eHochalm\u201c Typ B1 Nr. 27\t<\/a>\n<\/h4>\t\t\t<\/div>\n\t\t\t<div class=\"qodef-e-info-items\">\n\t\t\t\t    <div class=\"qodef-e-room-size\">\n\t\tSize:         <span class=\"qodef-e-room-size-content\">\n\t\t\t42m2\t\t<\/span>\n    <\/div>\n\t\t\t\t    <div class=\"qodef-e-capacity\">\n\t\tCapacity:         <span class=\"qodef-e-capacity-content\">\n\t\t1-4 persons\t\t<\/span>\n    <\/div>\n\t\t\t<\/div>\n\t\t\t\t\t<p itemprop=\"description\" class=\"qodef-e-excerpt\">1 camera doppia con doccia\/WC, 1 soggiorno\/camera da letto con divano letto doppio e cucina aperta, ulteriore doccia\/WC, balcone. \r\nSituato al 3\u00b0 piano senza ascensore.<\/p>\n\t\t\t\t<div class=\"qodef-e-button\">\n\t<\/div>\t\t<\/div>\n\t<\/div>\n<\/article><article class=\"qodef-e qodef-room-list-item qodef-grid-item qodef-item--full\">\n\t<div class=\"qodef-e-inner\">\n\t\t<div class=\"qodef-e-media\">\n\t\t\t<div class=\"qodef-e-img-holder\">\n\t\t\t\t\t<div class=\"qodef-e-media-image\" data-swiper-parallax=\"27%\">\n\t\t<a itemprop=\"url\" href=\"https:\/\/www.alpina-mallnitz.at\/it\/room\/apartement-saeuleck-typ-b1-nr-101\/\">\n\t\t\t<img decoding=\"async\" width=\"710\" height=\"526\" src=\"https:\/\/www.alpina-mallnitz.at\/wp-content\/uploads\/2022\/05\/grundriss-alpina_0003_21.png\" class=\"attachment-full size-full\" alt=\"\" srcset=\"https:\/\/www.alpina-mallnitz.at\/wp-content\/uploads\/2022\/05\/grundriss-alpina_0003_21.png 710w, https:\/\/www.alpina-mallnitz.at\/wp-content\/uploads\/2022\/05\/grundriss-alpina_0003_21-300x222.png 300w, https:\/\/www.alpina-mallnitz.at\/wp-content\/uploads\/2022\/05\/grundriss-alpina_0003_21-600x445.png 600w\" sizes=\"(max-width: 710px) 100vw, 710px\" \/>\t\t<\/a>\n\t<\/div>\n\t\t\t\t\t\t\t\t<\/div>\n\t\t<\/div>\n\t\t<div class=\"qodef-e-content\">\n\t\t\t<div class=\"qodef-e-heading\">\n\t\t\t\t<h4 itemprop=\"name\" class=\"qodef-e-title entry-title\" >\n\t<a itemprop=\"url\" href=\"https:\/\/www.alpina-mallnitz.at\/it\/room\/apartement-saeuleck-typ-b1-nr-101\/\">\n\t\tApartement \u201eS\u00e4uleck\u201c Typ B1 Nr. 21\t<\/a>\n<\/h4>\t\t\t<\/div>\n\t\t\t<div class=\"qodef-e-info-items\">\n\t\t\t\t    <div class=\"qodef-e-room-size\">\n\t\tSize:         <span class=\"qodef-e-room-size-content\">\n\t\t\t40m2\t\t<\/span>\n    <\/div>\n\t\t\t\t    <div class=\"qodef-e-capacity\">\n\t\tCapacity:         <span class=\"qodef-e-capacity-content\">\n\t\t1-4 persons\t\t<\/span>\n    <\/div>\n\t\t\t<\/div>\n\t\t\t\t\t<p itemprop=\"description\" class=\"qodef-e-excerpt\">Anticamera con cucina aperta, 1 camera doppia con doccia\/WC, 1 soggiorno\/camera da letto con divano letto matrimoniale e zona pranzo, balcone e ampia terrazza.    \r\nSituato al 1\u00b0 <\/p>\n\t\t\t\t<div class=\"qodef-e-button\">\n\t<\/div>\t\t<\/div>\n\t<\/div>\n<\/article><article class=\"qodef-e qodef-room-list-item qodef-grid-item qodef-item--full\">\n\t<div class=\"qodef-e-inner\">\n\t\t<div class=\"qodef-e-media\">\n\t\t\t<div class=\"qodef-e-img-holder\">\n\t\t\t\t\t<div class=\"qodef-e-media-image\" data-swiper-parallax=\"27%\">\n\t\t<a itemprop=\"url\" href=\"https:\/\/www.alpina-mallnitz.at\/it\/room\/apartement-polinik-typ-b2-nr-103\/\">\n\t\t\t<img decoding=\"async\" width=\"706\" height=\"416\" src=\"https:\/\/www.alpina-mallnitz.at\/wp-content\/uploads\/2022\/05\/grundriss-alpina_0004_23.png\" class=\"attachment-full size-full\" alt=\"\" srcset=\"https:\/\/www.alpina-mallnitz.at\/wp-content\/uploads\/2022\/05\/grundriss-alpina_0004_23.png 706w, https:\/\/www.alpina-mallnitz.at\/wp-content\/uploads\/2022\/05\/grundriss-alpina_0004_23-300x177.png 300w, https:\/\/www.alpina-mallnitz.at\/wp-content\/uploads\/2022\/05\/grundriss-alpina_0004_23-600x354.png 600w\" sizes=\"(max-width: 706px) 100vw, 706px\" \/>\t\t<\/a>\n\t<\/div>\n\t\t\t\t\t\t\t\t<\/div>\n\t\t<\/div>\n\t\t<div class=\"qodef-e-content\">\n\t\t\t<div class=\"qodef-e-heading\">\n\t\t\t\t<h4 itemprop=\"name\" class=\"qodef-e-title entry-title\" >\n\t<a itemprop=\"url\" href=\"https:\/\/www.alpina-mallnitz.at\/it\/room\/apartement-polinik-typ-b2-nr-103\/\">\n\t\tApartement \u201ePolinik\u201c Typ B2 Nr. 23\t<\/a>\n<\/h4>\t\t\t<\/div>\n\t\t\t<div class=\"qodef-e-info-items\">\n\t\t\t\t    <div class=\"qodef-e-room-size\">\n\t\tSize:         <span class=\"qodef-e-room-size-content\">\n\t\t\t43m2\t\t<\/span>\n    <\/div>\n\t\t\t\t    <div class=\"qodef-e-capacity\">\n\t\tCapacity:         <span class=\"qodef-e-capacity-content\">\n\t\t1-4 persons\t\t<\/span>\n    <\/div>\n\t\t\t<\/div>\n\t\t\t\t\t<p itemprop=\"description\" class=\"qodef-e-excerpt\">Piccola anticamera, 1 camera doppia pi\u00f9 letto a soppalco (4 persone) con doccia\/WC, 1 cucina-soggiorno con angolo pranzo e divano, balcone. \r\nSituato al 2\u00b0 piano senza ascensore.<\/p>\n\t\t\t\t<div class=\"qodef-e-button\">\n\t<\/div>\t\t<\/div>\n\t<\/div>\n<\/article><article class=\"qodef-e qodef-room-list-item qodef-grid-item qodef-item--full\">\n\t<div class=\"qodef-e-inner\">\n\t\t<div class=\"qodef-e-media\">\n\t\t\t<div class=\"qodef-e-img-holder\">\n\t\t\t\t\t<div class=\"qodef-e-media-image\" data-swiper-parallax=\"27%\">\n\t\t<a itemprop=\"url\" href=\"https:\/\/www.alpina-mallnitz.at\/it\/room\/apartement-ankogel-typ-c1-nr-106\/\">\n\t\t\t<img decoding=\"async\" width=\"706\" height=\"390\" src=\"https:\/\/www.alpina-mallnitz.at\/wp-content\/uploads\/2022\/05\/grundriss-alpina_0000_26.png\" class=\"attachment-full size-full\" alt=\"\" srcset=\"https:\/\/www.alpina-mallnitz.at\/wp-content\/uploads\/2022\/05\/grundriss-alpina_0000_26.png 706w, https:\/\/www.alpina-mallnitz.at\/wp-content\/uploads\/2022\/05\/grundriss-alpina_0000_26-300x166.png 300w, https:\/\/www.alpina-mallnitz.at\/wp-content\/uploads\/2022\/05\/grundriss-alpina_0000_26-600x331.png 600w\" sizes=\"(max-width: 706px) 100vw, 706px\" \/>\t\t<\/a>\n\t<\/div>\n\t\t\t\t\t\t\t\t<\/div>\n\t\t<\/div>\n\t\t<div class=\"qodef-e-content\">\n\t\t\t<div class=\"qodef-e-heading\">\n\t\t\t\t<h4 itemprop=\"name\" class=\"qodef-e-title entry-title\" >\n\t<a itemprop=\"url\" href=\"https:\/\/www.alpina-mallnitz.at\/it\/room\/apartement-ankogel-typ-c1-nr-106\/\">\n\t\tApartement \u201eAnkogel\u201c Typ C1 Nr. 26\t<\/a>\n<\/h4>\t\t\t<\/div>\n\t\t\t<div class=\"qodef-e-info-items\">\n\t\t\t\t    <div class=\"qodef-e-room-size\">\n\t\tSize:         <span class=\"qodef-e-room-size-content\">\n\t\t\t42m2\t\t<\/span>\n    <\/div>\n\t\t\t\t    <div class=\"qodef-e-capacity\">\n\t\tCapacity:         <span class=\"qodef-e-capacity-content\">\n\t\t1-4 persons\t\t<\/span>\n    <\/div>\n\t\t\t<\/div>\n\t\t\t\t\t<p itemprop=\"description\" class=\"qodef-e-excerpt\">Piccola anticamera, 1 soggiorno\/camera da letto con divano letto estraibile e doccia\/WC, 1 camera tripla con doccia\/WC, sala da pranzo con cucina aperta, balcone. \r\nSituato al 2\u00b0 <\/p>\n\t\t\t\t<div class=\"qodef-e-button\">\n\t<\/div>\t\t<\/div>\n\t<\/div>\n<\/article><article class=\"qodef-e qodef-room-list-item qodef-grid-item qodef-item--full\">\n\t<div class=\"qodef-e-inner\">\n\t\t<div class=\"qodef-e-media\">\n\t\t\t<div class=\"qodef-e-img-holder\">\n\t\t\t\t\t<div class=\"qodef-e-media-image\" data-swiper-parallax=\"27%\">\n\t\t<a itemprop=\"url\" href=\"https:\/\/www.alpina-mallnitz.at\/it\/room\/apartement-auernig-typ-c2-nr-108\/\">\n\t\t\t<img decoding=\"async\" width=\"704\" height=\"564\" src=\"https:\/\/www.alpina-mallnitz.at\/wp-content\/uploads\/2022\/05\/grundriss-alpina_0007_28.png\" class=\"attachment-full size-full\" alt=\"\" srcset=\"https:\/\/www.alpina-mallnitz.at\/wp-content\/uploads\/2022\/05\/grundriss-alpina_0007_28.png 704w, https:\/\/www.alpina-mallnitz.at\/wp-content\/uploads\/2022\/05\/grundriss-alpina_0007_28-300x240.png 300w, https:\/\/www.alpina-mallnitz.at\/wp-content\/uploads\/2022\/05\/grundriss-alpina_0007_28-600x481.png 600w\" sizes=\"(max-width: 704px) 100vw, 704px\" \/>\t\t<\/a>\n\t<\/div>\n\t\t\t\t\t\t\t\t<\/div>\n\t\t<\/div>\n\t\t<div class=\"qodef-e-content\">\n\t\t\t<div class=\"qodef-e-heading\">\n\t\t\t\t<h4 itemprop=\"name\" class=\"qodef-e-title entry-title\" >\n\t<a itemprop=\"url\" href=\"https:\/\/www.alpina-mallnitz.at\/it\/room\/apartement-auernig-typ-c2-nr-108\/\">\n\t\tApartement \u201eAuernig\u201c Typ C2 Nr. 28\t<\/a>\n<\/h4>\t\t\t<\/div>\n\t\t\t<div class=\"qodef-e-info-items\">\n\t\t\t\t    <div class=\"qodef-e-room-size\">\n\t\tSize:         <span class=\"qodef-e-room-size-content\">\n\t\t\t52m2\t\t<\/span>\n    <\/div>\n\t\t\t\t    <div class=\"qodef-e-capacity\">\n\t\tCapacity:         <span class=\"qodef-e-capacity-content\">\n\t\t1-6 persons\t\t<\/span>\n    <\/div>\n\t\t\t<\/div>\n\t\t\t\t\t<p itemprop=\"description\" class=\"qodef-e-excerpt\">Anticamera, 1 camera a quattro letti con doccia\/WC, 1 soggiorno con divano letto, doccia\/WC, cucina con zona pranzo, piccolo balcone. \r\nSituato al 3\u00b0 piano senza ascensore. <\/p>\n\t\t\t\t<div class=\"qodef-e-button\">\n\t<\/div>\t\t<\/div>\n\t<\/div>\n<\/article><article class=\"qodef-e qodef-room-list-item qodef-grid-item qodef-item--full\">\n\t<div class=\"qodef-e-inner\">\n\t\t<div class=\"qodef-e-media\">\n\t\t\t<div class=\"qodef-e-img-holder\">\n\t\t\t\t\t<div class=\"qodef-e-media-image\" data-swiper-parallax=\"27%\">\n\t\t<a itemprop=\"url\" href=\"https:\/\/www.alpina-mallnitz.at\/it\/room\/apartement-lonza-typ-c2-nr-102\/\">\n\t\t\t<img decoding=\"async\" width=\"707\" height=\"417\" src=\"https:\/\/www.alpina-mallnitz.at\/wp-content\/uploads\/2022\/05\/grundriss-alpina_0009_22.png\" class=\"attachment-full size-full\" alt=\"\" srcset=\"https:\/\/www.alpina-mallnitz.at\/wp-content\/uploads\/2022\/05\/grundriss-alpina_0009_22.png 707w, https:\/\/www.alpina-mallnitz.at\/wp-content\/uploads\/2022\/05\/grundriss-alpina_0009_22-300x177.png 300w, https:\/\/www.alpina-mallnitz.at\/wp-content\/uploads\/2022\/05\/grundriss-alpina_0009_22-600x354.png 600w\" sizes=\"(max-width: 707px) 100vw, 707px\" \/>\t\t<\/a>\n\t<\/div>\n\t\t\t\t\t\t\t\t<\/div>\n\t\t<\/div>\n\t\t<div class=\"qodef-e-content\">\n\t\t\t<div class=\"qodef-e-heading\">\n\t\t\t\t<h4 itemprop=\"name\" class=\"qodef-e-title entry-title\" >\n\t<a itemprop=\"url\" href=\"https:\/\/www.alpina-mallnitz.at\/it\/room\/apartement-lonza-typ-c2-nr-102\/\">\n\t\tApartement \u201eLonza\u201c Typ C2 Nr.22\t<\/a>\n<\/h4>\t\t\t<\/div>\n\t\t\t<div class=\"qodef-e-info-items\">\n\t\t\t\t    <div class=\"qodef-e-room-size\">\n\t\tSize:         <span class=\"qodef-e-room-size-content\">\n\t\t\t60m2\t\t<\/span>\n    <\/div>\n\t\t\t\t    <div class=\"qodef-e-capacity\">\n\t\tCapacity:         <span class=\"qodef-e-capacity-content\">\n\t\t1-6 persons\t\t<\/span>\n    <\/div>\n\t\t\t<\/div>\n\t\t\t\t\t<p itemprop=\"description\" class=\"qodef-e-excerpt\">Anticamera, 1 camera a quattro letti (1 letto matrimoniale, 1 letto a soppalco) con doccia\/WC, 1 soggiorno\/camera da letto con divano letto, doccia\/WC, cucina con angolo pranzo, ba<\/p>\n\t\t\t\t<div class=\"qodef-e-button\">\n\t<\/div>\t\t<\/div>\n\t<\/div>\n<\/article><article class=\"qodef-e qodef-room-list-item qodef-grid-item qodef-item--full\">\n\t<div class=\"qodef-e-inner\">\n\t\t<div class=\"qodef-e-media\">\n\t\t\t<div class=\"qodef-e-img-holder\">\n\t\t\t\t\t<div class=\"qodef-e-media-image\" data-swiper-parallax=\"27%\">\n\t\t<a itemprop=\"url\" href=\"https:\/\/www.alpina-mallnitz.at\/it\/room\/apartement-ebeneck-typ-d-nr-110\/\">\n\t\t\t<img decoding=\"async\" width=\"706\" height=\"721\" src=\"https:\/\/www.alpina-mallnitz.at\/wp-content\/uploads\/2022\/05\/grundriss-alpina_0008_Ebene-3.png\" class=\"attachment-full size-full\" alt=\"\" srcset=\"https:\/\/www.alpina-mallnitz.at\/wp-content\/uploads\/2022\/05\/grundriss-alpina_0008_Ebene-3.png 706w, https:\/\/www.alpina-mallnitz.at\/wp-content\/uploads\/2022\/05\/grundriss-alpina_0008_Ebene-3-294x300.png 294w, https:\/\/www.alpina-mallnitz.at\/wp-content\/uploads\/2022\/05\/grundriss-alpina_0008_Ebene-3-600x613.png 600w\" sizes=\"(max-width: 706px) 100vw, 706px\" \/>\t\t<\/a>\n\t<\/div>\n\t\t\t\t\t\t\t\t<\/div>\n\t\t<\/div>\n\t\t<div class=\"qodef-e-content\">\n\t\t\t<div class=\"qodef-e-heading\">\n\t\t\t\t<h4 itemprop=\"name\" class=\"qodef-e-title entry-title\" >\n\t<a itemprop=\"url\" href=\"https:\/\/www.alpina-mallnitz.at\/it\/room\/apartement-ebeneck-typ-d-nr-110\/\">\n\t\tApartement \u201eEbeneck\u201c Typ D Nr. 10\t<\/a>\n<\/h4>\t\t\t<\/div>\n\t\t\t<div class=\"qodef-e-info-items\">\n\t\t\t\t    <div class=\"qodef-e-room-size\">\n\t\tSize:         <span class=\"qodef-e-room-size-content\">\n\t\t\t75m2\t\t<\/span>\n    <\/div>\n\t\t\t\t    <div class=\"qodef-e-capacity\">\n\t\tCapacity:         <span class=\"qodef-e-capacity-content\">\n\t\t1-6 persons\t\t<\/span>\n    <\/div>\n\t\t\t<\/div>\n\t\t\t\t\t<p itemprop=\"description\" class=\"qodef-e-excerpt\">Anticamera, 1 camera tripla + doccia\/WC, 1 camera con tre letti singoli + doccia\/WC, 1 soggiorno con divano e zona pranzo, cucina, doccia supplementare\/WC, balcone. Situato al 2\u00b0 <\/p>\n\t\t\t\t<div class=\"qodef-e-button\">\n\t<\/div>\t\t<\/div>\n\t<\/div>\n<\/article><article class=\"qodef-e qodef-room-list-item qodef-grid-item qodef-item--full\">\n\t<div class=\"qodef-e-inner\">\n\t\t<div class=\"qodef-e-media\">\n\t\t\t<div class=\"qodef-e-img-holder\">\n\t\t\t\t\t<div class=\"qodef-e-media-image\" data-swiper-parallax=\"27%\">\n\t\t<a itemprop=\"url\" href=\"https:\/\/www.alpina-mallnitz.at\/it\/room\/apartement-theresa-typ-d-nr-22a\/\">\n\t\t\t<img decoding=\"async\" width=\"704\" height=\"662\" src=\"https:\/\/www.alpina-mallnitz.at\/wp-content\/uploads\/2022\/05\/grundriss-alpina_0001_Theresa-22a.png\" class=\"attachment-full size-full\" alt=\"\" srcset=\"https:\/\/www.alpina-mallnitz.at\/wp-content\/uploads\/2022\/05\/grundriss-alpina_0001_Theresa-22a.png 704w, https:\/\/www.alpina-mallnitz.at\/wp-content\/uploads\/2022\/05\/grundriss-alpina_0001_Theresa-22a-300x282.png 300w, https:\/\/www.alpina-mallnitz.at\/wp-content\/uploads\/2022\/05\/grundriss-alpina_0001_Theresa-22a-600x564.png 600w\" sizes=\"(max-width: 704px) 100vw, 704px\" \/>\t\t<\/a>\n\t<\/div>\n\t\t\t\t\t\t\t\t<\/div>\n\t\t<\/div>\n\t\t<div class=\"qodef-e-content\">\n\t\t\t<div class=\"qodef-e-heading\">\n\t\t\t\t<h4 itemprop=\"name\" class=\"qodef-e-title entry-title\" >\n\t<a itemprop=\"url\" href=\"https:\/\/www.alpina-mallnitz.at\/it\/room\/apartement-theresa-typ-d-nr-22a\/\">\n\t\tApartement \u201eTheresa\u201c Typ D Nr. 22A\t<\/a>\n<\/h4>\t\t\t<\/div>\n\t\t\t<div class=\"qodef-e-info-items\">\n\t\t\t\t    <div class=\"qodef-e-room-size\">\n\t\tSize:         <span class=\"qodef-e-room-size-content\">\n\t\t\t75m2\t\t<\/span>\n    <\/div>\n\t\t\t\t    <div class=\"qodef-e-capacity\">\n\t\tCapacity:         <span class=\"qodef-e-capacity-content\">\n\t\t1-6 persons\t\t<\/span>\n    <\/div>\n\t\t\t<\/div>\n\t\t\t\t\t<p itemprop=\"description\" class=\"qodef-e-excerpt\">Anticamera, camera doppia con doccia\/WC, camera da letto con divano letto matrimoniale e letto a castello, ampio bagno wellness, cucina aperta con zona pranzo, divano e balcone.\r\nS<\/p>\n\t\t\t\t<div class=\"qodef-e-button\">\n\t<\/div>\t\t<\/div>\n\t<\/div>\n<\/article>\t<\/div>\n\t<\/div>\t\t<\/div>\n\t\t\t\t<\/div>\n\t\t\t\t\t<\/div>\n\t\t<\/div>\n\t\t\t\t\t\t\t<\/div>\n\t\t<\/section>\n\t\t\t\t\t\t\t<\/div>\n\t\t","protected":false},"excerpt":{"rendered":"<p>Apartement \u201eGeisel\u201c Typ A Nr. 105 Gr\u00f6\u00dfe: 32m2 Anzahl Personen: 1-2 persons 1 Doppelzimmer mit Bad\/WC, 1 Wohnzimmer mit Sofa und Essecke, getrennte K\u00fcche, Balkon. &nbsp; &nbsp; Apartement \u201eB\u00f6seck&#8220; Typ B1 Nr. 104 Gr\u00f6\u00dfe: 37m2 Anzahl Personen: 1-4 persons 1 Doppelzimmer mit Dusche\/WC, 1 Wohn-\/Schlafzimmer mit Doppel-Ausziehcouch und offener K\u00fcche, zus\u00e4tzliches WC, Balkon. &nbsp; &nbsp; [&hellip;]<\/p>\n","protected":false},"author":1,"featured_media":0,"parent":0,"menu_order":0,"comment_status":"closed","ping_status":"closed","template":"page-full-width.php","meta":{"footnotes":""},"class_list":["post-12742","page","type-page","status-publish","hentry"],"_links":{"self":[{"href":"https:\/\/www.alpina-mallnitz.at\/it\/wp-json\/wp\/v2\/pages\/12742","targetHints":{"allow":["GET"]}}],"collection":[{"href":"https:\/\/www.alpina-mallnitz.at\/it\/wp-json\/wp\/v2\/pages"}],"about":[{"href":"https:\/\/www.alpina-mallnitz.at\/it\/wp-json\/wp\/v2\/types\/page"}],"author":[{"embeddable":true,"href":"https:\/\/www.alpina-mallnitz.at\/it\/wp-json\/wp\/v2\/users\/1"}],"replies":[{"embeddable":true,"href":"https:\/\/www.alpina-mallnitz.at\/it\/wp-json\/wp\/v2\/comments?post=12742"}],"version-history":[{"count":3,"href":"https:\/\/www.alpina-mallnitz.at\/it\/wp-json\/wp\/v2\/pages\/12742\/revisions"}],"predecessor-version":[{"id":12745,"href":"https:\/\/www.alpina-mallnitz.at\/it\/wp-json\/wp\/v2\/pages\/12742\/revisions\/12745"}],"wp:attachment":[{"href":"https:\/\/www.alpina-mallnitz.at\/it\/wp-json\/wp\/v2\/media?parent=12742"}],"curies":[{"name":"wp","href":"https:\/\/api.w.org\/{rel}","templated":true}]}}